{"id":601,"date":"2021-12-01T14:50:30","date_gmt":"2021-12-01T14:50:30","guid":{"rendered":"https:\/\/amigosdeblancas.org\/?post_type=product&#038;p=601"},"modified":"2024-12-13T12:51:20","modified_gmt":"2024-12-13T12:51:20","slug":"pin-sabina-milenaria-en-plata-de-ley","status":"publish","type":"product","link":"https:\/\/amigosdeblancas.org\/?product=pin-sabina-milenaria-en-plata-de-ley","title":{"rendered":"PIN Sabina Milenaria en plata de ley"},"content":{"rendered":"<p>PIN Sabina Milenaria en plata de ley (con el pie de BLANCAS). El broche no es de plata.<\/p>\n<p>Mar\u00eda Jes\u00fas S\u00e1nchez (\u00abGalopa\u00bb) ha tenido la maravillosa idea de reproducir la Sabina milenaria de Blancas en Plata de Ley.<\/p>\n<p>Medidas 20x18mm y 3,5gr. aprox.<\/p>\n","protected":false},"excerpt":{"rendered":"<p>\u00a1El regalo perfecto para esta Navidad!.<\/p>\n<p>&nbsp;<\/p>\n","protected":false},"featured_media":602,"comment_status":"open","ping_status":"closed","template":"","meta":{"site-sidebar-layout":"default","site-content-layout":"default","ast-global-header-display":"","ast-main-header-display":"","ast-hfb-above-header-display":"","ast-hfb-below-header-display":"","ast-hfb-mobile-header-display":"","site-post-title":"","ast-breadcrumbs-content":"","ast-featured-img":"","footer-sml-layout":"","theme-transparent-header-meta":"default","adv-header-id-meta":"","stick-header-meta":"","header-above-stick-meta":"","header-main-stick-meta":"","header-below-stick-meta":""},"product_cat":[22],"product_tag":[28],"jetpack_sharing_enabled":true,"_links":{"self":[{"href":"https:\/\/amigosdeblancas.org\/index.php?rest_route=\/wp\/v2\/product\/601"}],"collection":[{"href":"https:\/\/amigosdeblancas.org\/index.php?rest_route=\/wp\/v2\/product"}],"about":[{"href":"https:\/\/amigosdeblancas.org\/index.php?rest_route=\/wp\/v2\/types\/product"}],"replies":[{"embeddable":true,"href":"https:\/\/amigosdeblancas.org\/index.php?rest_route=%2Fwp%2Fv2%2Fcomments&post=601"}],"wp:featuredmedia":[{"embeddable":true,"href":"https:\/\/amigosdeblancas.org\/index.php?rest_route=\/wp\/v2\/media\/602"}],"wp:attachment":[{"href":"https:\/\/amigosdeblancas.org\/index.php?rest_route=%2Fwp%2Fv2%2Fmedia&parent=601"}],"wp:term":[{"taxonomy":"product_cat","embeddable":true,"href":"https:\/\/amigosdeblancas.org\/index.php?rest_route=%2Fwp%2Fv2%2Fproduct_cat&post=601"},{"taxonomy":"product_tag","embeddable":true,"href":"https:\/\/amigosdeblancas.org\/index.php?rest_route=%2Fwp%2Fv2%2Fproduct_tag&post=601"}],"curies":[{"name":"wp","href":"https:\/\/api.w.org\/{rel}","templated":true}]}}