{"id":409,"date":"2021-11-22T15:55:45","date_gmt":"2021-11-22T15:55:45","guid":{"rendered":"http:\/\/amigosdeblancas.org\/?post_type=product&#038;p=409"},"modified":"2024-12-13T12:53:39","modified_gmt":"2024-12-13T12:53:39","slug":"colgante-sabina-milenaria-en-plata-de-ley","status":"publish","type":"product","link":"https:\/\/amigosdeblancas.org\/?product=colgante-sabina-milenaria-en-plata-de-ley","title":{"rendered":"Colgante Sabina Milenaria en plata de ley"},"content":{"rendered":"<p>Mar\u00eda Jes\u00fas S\u00e1nchez (\u00abGalopa\u00bb) ha tenido la maravillosa idea de reproducir la Sabina milenaria de Blancas en Plata de Ley.<\/p>\n<p>Medidas 20x18mm y 3,5gr. aprox.<\/p>\n","protected":false},"excerpt":{"rendered":"<p>\u00abUn regalo inolvidable para estas Navidades\u00bb<\/p>\n","protected":false},"featured_media":401,"comment_status":"open","ping_status":"closed","template":"","meta":{"site-sidebar-layout":"default","site-content-layout":"default","ast-global-header-display":"","ast-main-header-display":"","ast-hfb-above-header-display":"","ast-hfb-below-header-display":"","ast-hfb-mobile-header-display":"","site-post-title":"","ast-breadcrumbs-content":"","ast-featured-img":"","footer-sml-layout":"","theme-transparent-header-meta":"default","adv-header-id-meta":"","stick-header-meta":"","header-above-stick-meta":"","header-main-stick-meta":"","header-below-stick-meta":""},"product_cat":[22],"product_tag":[25],"jetpack_sharing_enabled":true,"_links":{"self":[{"href":"https:\/\/amigosdeblancas.org\/index.php?rest_route=\/wp\/v2\/product\/409"}],"collection":[{"href":"https:\/\/amigosdeblancas.org\/index.php?rest_route=\/wp\/v2\/product"}],"about":[{"href":"https:\/\/amigosdeblancas.org\/index.php?rest_route=\/wp\/v2\/types\/product"}],"replies":[{"embeddable":true,"href":"https:\/\/amigosdeblancas.org\/index.php?rest_route=%2Fwp%2Fv2%2Fcomments&post=409"}],"wp:featuredmedia":[{"embeddable":true,"href":"https:\/\/amigosdeblancas.org\/index.php?rest_route=\/wp\/v2\/media\/401"}],"wp:attachment":[{"href":"https:\/\/amigosdeblancas.org\/index.php?rest_route=%2Fwp%2Fv2%2Fmedia&parent=409"}],"wp:term":[{"taxonomy":"product_cat","embeddable":true,"href":"https:\/\/amigosdeblancas.org\/index.php?rest_route=%2Fwp%2Fv2%2Fproduct_cat&post=409"},{"taxonomy":"product_tag","embeddable":true,"href":"https:\/\/amigosdeblancas.org\/index.php?rest_route=%2Fwp%2Fv2%2Fproduct_tag&post=409"}],"curies":[{"name":"wp","href":"https:\/\/api.w.org\/{rel}","templated":true}]}}