{"id":385,"date":"2021-11-06T18:47:29","date_gmt":"2021-11-06T18:47:29","guid":{"rendered":"http:\/\/amigosdeblancas.org\/?post_type=product&#038;p=385"},"modified":"2023-04-05T22:59:19","modified_gmt":"2023-04-05T22:59:19","slug":"taller-creativo-que-pintan-los-arboles-copia","status":"publish","type":"product","link":"https:\/\/amigosdeblancas.org\/?product=taller-creativo-que-pintan-los-arboles-copia","title":{"rendered":"Taller creativo \u00bfQu\u00e9 pintan los \u00e1rboles?"},"content":{"rendered":"<p><strong>Dirigido<\/strong> a p\u00fablicos de todas las edades. Grupos de ni\u00f1os desde 5 a\u00f1os, adolescentes, adultos, &#8230;<br \/>\n<strong>Duraci\u00f3n<\/strong> 90 minutos<br \/>\n<strong>Personas<\/strong>: m\u00e1ximo grupo de 20 personas por taller<br \/>\n<strong>\u00bfD\u00f3nde?<\/strong> lo vamos a realizar en la Sabina milenaria de Blancas el s\u00e1bado 13 de noviembre a las 11:00 horas.<br \/>\n<strong>Ojetivos<\/strong><br \/>\nInspirar desde la creatividad y la naturaleza al grupo participante.<br \/>\nContextualizar acerca del paisaje y de sus \u00e1rboles. Generar\/reforzar un v\u00ednculo con los \u00e1rboles, producir uno o varios grabados por persona<br \/>\npara que cada participante se lo lleve como parte de la actividad.<br \/>\nInspirar desde la creatividad y la naturaleza al grupo participante. Contextualizar acerca del paisaje y de sus \u00e1rboles, generar\/reforzar un v\u00ednculo con los \u00e1rboles<br \/>\n<strong>Producir uno o varios grabados por persona <\/strong>para que cada participante se lo lleve como parte de la actividad.<\/p>\n","protected":false},"excerpt":{"rendered":"<p>TALLERES CREATIVOS<br \/>\nLos talleres creativos surgen del proyecto \u00bfQu\u00e9 Pintan los \u00c1rboles?, como un acercamiento para cualquier persona hacia el medio ambiente y la naturaleza a trav\u00e9s del arte y la creatividad.<br \/>\nSe busca crear consciencia de la importancia de estos seres y darles el valor que merecen.<br \/>\nEl taller consiste en conocer el proceso creativo y ponerlo en pr\u00e1ctica para acabar imprimiendo uno o varios \u00e1rboles.<\/p>\n<p>Tienes m\u00e1s informaci\u00f3n descargando el pdf siguiente:<\/p>\n<p><a href=\"http:\/\/amigosdeblancas.org\/wp-content\/uploads\/TALLERES-SABINA-BLANCAS-.pdf\">PDF TALLERES SABINA BLANCAS-<\/a><\/p>\n","protected":false},"featured_media":380,"comment_status":"open","ping_status":"closed","template":"","meta":{"site-sidebar-layout":"default","site-content-layout":"default","ast-global-header-display":"","ast-main-header-display":"","ast-hfb-above-header-display":"","ast-hfb-below-header-display":"","ast-hfb-mobile-header-display":"","site-post-title":"","ast-breadcrumbs-content":"","ast-featured-img":"","footer-sml-layout":"","theme-transparent-header-meta":"default","adv-header-id-meta":"","stick-header-meta":"","header-above-stick-meta":"","header-main-stick-meta":"","header-below-stick-meta":""},"product_cat":[22],"product_tag":[23],"jetpack_sharing_enabled":true,"_links":{"self":[{"href":"https:\/\/amigosdeblancas.org\/index.php?rest_route=\/wp\/v2\/product\/385"}],"collection":[{"href":"https:\/\/amigosdeblancas.org\/index.php?rest_route=\/wp\/v2\/product"}],"about":[{"href":"https:\/\/amigosdeblancas.org\/index.php?rest_route=\/wp\/v2\/types\/product"}],"replies":[{"embeddable":true,"href":"https:\/\/amigosdeblancas.org\/index.php?rest_route=%2Fwp%2Fv2%2Fcomments&post=385"}],"wp:featuredmedia":[{"embeddable":true,"href":"https:\/\/amigosdeblancas.org\/index.php?rest_route=\/wp\/v2\/media\/380"}],"wp:attachment":[{"href":"https:\/\/amigosdeblancas.org\/index.php?rest_route=%2Fwp%2Fv2%2Fmedia&parent=385"}],"wp:term":[{"taxonomy":"product_cat","embeddable":true,"href":"https:\/\/amigosdeblancas.org\/index.php?rest_route=%2Fwp%2Fv2%2Fproduct_cat&post=385"},{"taxonomy":"product_tag","embeddable":true,"href":"https:\/\/amigosdeblancas.org\/index.php?rest_route=%2Fwp%2Fv2%2Fproduct_tag&post=385"}],"curies":[{"name":"wp","href":"https:\/\/api.w.org\/{rel}","templated":true}]}}