{"id":230,"date":"2021-08-03T10:43:15","date_gmt":"2021-08-03T10:43:15","guid":{"rendered":"http:\/\/amigosdeblancas.org\/?post_type=product&#038;p=230"},"modified":"2023-08-21T09:39:24","modified_gmt":"2023-08-21T09:39:24","slug":"hoja-sabina-de-hierro-2-0","status":"publish","type":"product","link":"https:\/\/amigosdeblancas.org\/?product=hoja-sabina-de-hierro-2-0","title":{"rendered":"Hoja Sabina de Hierro 2.0"},"content":{"rendered":"<p>El artista Jes\u00fas Guallar Rodrigo, con la ayuda del ayuntamiento y los vecinos de Blancas ha realizado una colosal reproducci\u00f3n de la Sabina con hierro reciclado de aperos de labranza.<\/p>\n<p>Por 10 euros puedes apadrinar una hoja y colaborar con la Asociaci\u00f3n Amigos de Blancas y Jes\u00fas Guallar Rodrigo, tu hoja permanecer\u00e1 en la Sabina de hierro 2.0<\/p>\n","protected":false},"excerpt":{"rendered":"<p>Es importante que pongas en notas del pedido el texto que deseas que se grabe en la hoja, por ejemplo:<\/p>\n<p><strong>\u00abJos\u00e9 y Josefa Sanz Aguado\u00bb<\/strong><\/p>\n<p>El texto no exceder\u00e1 15 palabras.<\/p>\n","protected":false},"featured_media":242,"comment_status":"open","ping_status":"closed","template":"","meta":{"site-sidebar-layout":"default","site-content-layout":"default","ast-global-header-display":"","ast-main-header-display":"","ast-hfb-above-header-display":"","ast-hfb-below-header-display":"","ast-hfb-mobile-header-display":"","site-post-title":"","ast-breadcrumbs-content":"","ast-featured-img":"","footer-sml-layout":"","theme-transparent-header-meta":"default","adv-header-id-meta":"","stick-header-meta":"","header-above-stick-meta":"","header-main-stick-meta":"","header-below-stick-meta":""},"product_cat":[22],"product_tag":[],"jetpack_sharing_enabled":true,"_links":{"self":[{"href":"https:\/\/amigosdeblancas.org\/index.php?rest_route=\/wp\/v2\/product\/230"}],"collection":[{"href":"https:\/\/amigosdeblancas.org\/index.php?rest_route=\/wp\/v2\/product"}],"about":[{"href":"https:\/\/amigosdeblancas.org\/index.php?rest_route=\/wp\/v2\/types\/product"}],"replies":[{"embeddable":true,"href":"https:\/\/amigosdeblancas.org\/index.php?rest_route=%2Fwp%2Fv2%2Fcomments&post=230"}],"wp:featuredmedia":[{"embeddable":true,"href":"https:\/\/amigosdeblancas.org\/index.php?rest_route=\/wp\/v2\/media\/242"}],"wp:attachment":[{"href":"https:\/\/amigosdeblancas.org\/index.php?rest_route=%2Fwp%2Fv2%2Fmedia&parent=230"}],"wp:term":[{"taxonomy":"product_cat","embeddable":true,"href":"https:\/\/amigosdeblancas.org\/index.php?rest_route=%2Fwp%2Fv2%2Fproduct_cat&post=230"},{"taxonomy":"product_tag","embeddable":true,"href":"https:\/\/amigosdeblancas.org\/index.php?rest_route=%2Fwp%2Fv2%2Fproduct_tag&post=230"}],"curies":[{"name":"wp","href":"https:\/\/api.w.org\/{rel}","templated":true}]}}