{"id":8,"date":"2020-07-02T17:00:18","date_gmt":"2020-07-02T17:00:18","guid":{"rendered":"http:\/\/amigosdeblancas.org\/?page_id=8"},"modified":"2021-11-24T16:47:42","modified_gmt":"2021-11-24T16:47:42","slug":"contacto","status":"publish","type":"page","link":"https:\/\/amigosdeblancas.org\/?page_id=8","title":{"rendered":"Proyectos"},"content":{"rendered":"<h2>Dentro de las actividades que se han llevado a cabo se destacan:<\/h2>\n<p><img loading=\"lazy\" decoding=\"async\" width=\"100\" height=\"100\" src=\"http:\/\/amigosdeblancas.org\/wp-content\/uploads\/icon-cueva-100x100.png\" alt=\"\" srcset=\"https:\/\/amigosdeblancas.org\/wp-content\/uploads\/icon-cueva-100x100.png 100w, https:\/\/amigosdeblancas.org\/wp-content\/uploads\/icon-cueva-300x300.png 300w, https:\/\/amigosdeblancas.org\/wp-content\/uploads\/icon-cueva-150x150.png 150w, https:\/\/amigosdeblancas.org\/wp-content\/uploads\/icon-cueva.png 500w\" sizes=\"(max-width: 100px) 100vw, 100px\"><\/p>\n<h3>\n\t\t\t\t\t\t\u201cLa cueva de los Losares\u00bb<\/h3>\n<p>Colocaci\u00f3n de una valla en \u201cLa cueva de los Losares\u201d sima caracter\u00edstica de la Paramera.<\/p>\n<p><img loading=\"lazy\" decoding=\"async\" width=\"100\" height=\"100\" src=\"http:\/\/amigosdeblancas.org\/wp-content\/uploads\/icon-tienda-100x100.png\" alt=\"\" srcset=\"https:\/\/amigosdeblancas.org\/wp-content\/uploads\/icon-tienda-100x100.png 100w, https:\/\/amigosdeblancas.org\/wp-content\/uploads\/icon-tienda-300x300.png 300w, https:\/\/amigosdeblancas.org\/wp-content\/uploads\/icon-tienda-150x150.png 150w, https:\/\/amigosdeblancas.org\/wp-content\/uploads\/icon-tienda.png 500w\" sizes=\"(max-width: 100px) 100vw, 100px\"><\/p>\n<h3>\n\t\t\t\t\t\tAdquisici\u00f3n de<\/h3>\n<p>tiendas de campa\u00f1a y sacos de dormir para realizar acampadas.<\/p>\n<p><img loading=\"lazy\" decoding=\"async\" width=\"100\" height=\"100\" src=\"http:\/\/amigosdeblancas.org\/wp-content\/uploads\/icon-fiesta-100x100.png\" alt=\"\" srcset=\"https:\/\/amigosdeblancas.org\/wp-content\/uploads\/icon-fiesta-100x100.png 100w, https:\/\/amigosdeblancas.org\/wp-content\/uploads\/icon-fiesta-300x300.png 300w, https:\/\/amigosdeblancas.org\/wp-content\/uploads\/icon-fiesta-150x150.png 150w, https:\/\/amigosdeblancas.org\/wp-content\/uploads\/icon-fiesta.png 500w\" sizes=\"(max-width: 100px) 100vw, 100px\"><\/p>\n<h3>\n\t\t\t\t\t\tColaboraci\u00f3n activa<\/h3>\n<p>con las distintas comisiones de fiestas para la programaci\u00f3n de carreras para ni\u00f1os y mayores.<\/p>\n<p><img loading=\"lazy\" decoding=\"async\" width=\"100\" height=\"100\" src=\"http:\/\/amigosdeblancas.org\/wp-content\/uploads\/icon-cartel-100x100.png\" alt=\"\" srcset=\"https:\/\/amigosdeblancas.org\/wp-content\/uploads\/icon-cartel-100x100.png 100w, https:\/\/amigosdeblancas.org\/wp-content\/uploads\/icon-cartel-300x300.png 300w, https:\/\/amigosdeblancas.org\/wp-content\/uploads\/icon-cartel-150x150.png 150w, https:\/\/amigosdeblancas.org\/wp-content\/uploads\/icon-cartel.png 500w\" sizes=\"(max-width: 100px) 100vw, 100px\"><\/p>\n<h3>\n\t\t\t\t\t\tSe\u00f1alizaci\u00f3n<\/h3>\n<p>del sendero Blancas Torrijo.<\/p>\n<p><img loading=\"lazy\" decoding=\"async\" width=\"100\" height=\"100\" src=\"http:\/\/amigosdeblancas.org\/wp-content\/uploads\/icon-cartel2-100x100.png\" alt=\"\" srcset=\"https:\/\/amigosdeblancas.org\/wp-content\/uploads\/icon-cartel2-100x100.png 100w, https:\/\/amigosdeblancas.org\/wp-content\/uploads\/icon-cartel2-300x300.png 300w, https:\/\/amigosdeblancas.org\/wp-content\/uploads\/icon-cartel2-150x150.png 150w, https:\/\/amigosdeblancas.org\/wp-content\/uploads\/icon-cartel2.png 500w\" sizes=\"(max-width: 100px) 100vw, 100px\"><\/p>\n<h3>\n\t\t\t\t\t\tConstrucci\u00f3n<\/h3>\n<p>de una estructura de soporte de paneles de informaci\u00f3n realizados en madera tratada por impregnaci\u00f3n de sales en el parque del Egido.<\/p>\n<p><img loading=\"lazy\" decoding=\"async\" width=\"100\" height=\"100\" src=\"http:\/\/amigosdeblancas.org\/wp-content\/uploads\/icon-caminos-100x100.png\" alt=\"\" srcset=\"https:\/\/amigosdeblancas.org\/wp-content\/uploads\/icon-caminos-100x100.png 100w, https:\/\/amigosdeblancas.org\/wp-content\/uploads\/icon-caminos-300x300.png 300w, https:\/\/amigosdeblancas.org\/wp-content\/uploads\/icon-caminos-150x150.png 150w, https:\/\/amigosdeblancas.org\/wp-content\/uploads\/icon-caminos.png 500w\" sizes=\"(max-width: 100px) 100vw, 100px\"><\/p>\n<h3>\n\t\t\t\t\t\tCon la crisis<\/h3>\n<p>y la concentraci\u00f3n parcelaria se paralizo un proyecto que consist\u00eda en se\u00f1alizar los caminos principales que unen Blancas con las localidades vecinas.<\/p>\n<p><img loading=\"lazy\" decoding=\"async\" width=\"100\" height=\"100\" src=\"http:\/\/amigosdeblancas.org\/wp-content\/uploads\/iocn-pozo-100x100.png\" alt=\"\" srcset=\"https:\/\/amigosdeblancas.org\/wp-content\/uploads\/iocn-pozo-100x100.png 100w, https:\/\/amigosdeblancas.org\/wp-content\/uploads\/iocn-pozo-300x300.png 300w, https:\/\/amigosdeblancas.org\/wp-content\/uploads\/iocn-pozo-150x150.png 150w, https:\/\/amigosdeblancas.org\/wp-content\/uploads\/iocn-pozo.png 500w\" sizes=\"(max-width: 100px) 100vw, 100px\"><\/p>\n<h3>\n\t\t\t\t\t\t\u201cpozo de la Estrecasa\u201d<\/h3>\n<p>El verano pasado se recuper\u00f3 el \u201cpozo de la Estrecasa\u201d en colaboraci\u00f3n con la Comisi\u00f3n de Fiestas<\/p>\n<h2>Actualmente se est\u00e1 trabajando en:<\/h2>\n<ul>\n<li>Se\u00f1alizaci\u00f3n de senderos<\/li>\n<li>Escultura colaborativa de la Sabina 2.0<\/li>\n<li>Limpieza de la Cripta de la Iglesia de San Pedro<\/li>\n<li>Apoyar a Lecciones de conserva<\/li>\n<\/ul>\n","protected":false},"excerpt":{"rendered":"<p>Dentro de las actividades que se han llevado a cabo se destacan: \u201cLa cueva de los Losares\u00bb Colocaci\u00f3n de una valla en \u201cLa cueva de los Losares\u201d sima caracter\u00edstica de la Paramera. Adquisici\u00f3n de tiendas de campa\u00f1a y sacos de dormir para realizar acampadas. Colaboraci\u00f3n activa con las distintas comisiones de fiestas para la programaci\u00f3n &hellip;<\/p>\n<p class=\"read-more\"> <a class=\"\" href=\"https:\/\/amigosdeblancas.org\/?page_id=8\"> <span class=\"screen-reader-text\">Proyectos<\/span> Leer m\u00e1s &raquo;<\/a><\/p>\n","protected":false},"author":1,"featured_media":0,"parent":0,"menu_order":0,"comment_status":"closed","ping_status":"closed","template":"elementor_header_footer","meta":{"site-sidebar-layout":"default","site-content-layout":"default","ast-global-header-display":"","ast-main-header-display":"","ast-hfb-above-header-display":"","ast-hfb-below-header-display":"","ast-hfb-mobile-header-display":"","site-post-title":"","ast-breadcrumbs-content":"","ast-featured-img":"","footer-sml-layout":"","theme-transparent-header-meta":"default","adv-header-id-meta":"","stick-header-meta":"","header-above-stick-meta":"","header-main-stick-meta":"","header-below-stick-meta":"","footnotes":""},"jetpack_sharing_enabled":true,"_links":{"self":[{"href":"https:\/\/amigosdeblancas.org\/index.php?rest_route=\/wp\/v2\/pages\/8"}],"collection":[{"href":"https:\/\/amigosdeblancas.org\/index.php?rest_route=\/wp\/v2\/pages"}],"about":[{"href":"https:\/\/amigosdeblancas.org\/index.php?rest_route=\/wp\/v2\/types\/page"}],"author":[{"embeddable":true,"href":"https:\/\/amigosdeblancas.org\/index.php?rest_route=\/wp\/v2\/users\/1"}],"replies":[{"embeddable":true,"href":"https:\/\/amigosdeblancas.org\/index.php?rest_route=%2Fwp%2Fv2%2Fcomments&post=8"}],"version-history":[{"count":14,"href":"https:\/\/amigosdeblancas.org\/index.php?rest_route=\/wp\/v2\/pages\/8\/revisions"}],"predecessor-version":[{"id":581,"href":"https:\/\/amigosdeblancas.org\/index.php?rest_route=\/wp\/v2\/pages\/8\/revisions\/581"}],"wp:attachment":[{"href":"https:\/\/amigosdeblancas.org\/index.php?rest_route=%2Fwp%2Fv2%2Fmedia&parent=8"}],"curies":[{"name":"wp","href":"https:\/\/api.w.org\/{rel}","templated":true}]}}