{"id":799,"date":"2022-10-26T17:02:14","date_gmt":"2022-10-26T17:02:14","guid":{"rendered":"https:\/\/amigosdeblancas.org\/?page_id=799"},"modified":"2022-10-27T09:19:44","modified_gmt":"2022-10-27T09:19:44","slug":"colabora","status":"publish","type":"page","link":"https:\/\/amigosdeblancas.org\/?page_id=799","title":{"rendered":"Colabora"},"content":{"rendered":"\n<div class=\"wp-block-columns is-layout-flex wp-container-core-columns-is-layout-1 wp-block-columns-is-layout-flex\">\n<div class=\"wp-block-column is-layout-flow wp-block-column-is-layout-flow\">\n<figure class=\"wp-block-image size-large\"><img loading=\"lazy\" decoding=\"async\" width=\"1024\" height=\"641\" src=\"http:\/\/amigosdeblancas.org\/wp-content\/uploads\/2022\/09\/GrupoAmigosdeBlancas-edited-1024x641.jpg\" alt=\"\" class=\"wp-image-729\" srcset=\"https:\/\/amigosdeblancas.org\/wp-content\/uploads\/2022\/09\/GrupoAmigosdeBlancas-edited-1024x641.jpg 1024w, https:\/\/amigosdeblancas.org\/wp-content\/uploads\/2022\/09\/GrupoAmigosdeBlancas-edited-300x188.jpg 300w, https:\/\/amigosdeblancas.org\/wp-content\/uploads\/2022\/09\/GrupoAmigosdeBlancas-edited-768x481.jpg 768w, https:\/\/amigosdeblancas.org\/wp-content\/uploads\/2022\/09\/GrupoAmigosdeBlancas-edited-1536x962.jpg 1536w, https:\/\/amigosdeblancas.org\/wp-content\/uploads\/2022\/09\/GrupoAmigosdeBlancas-edited-150x94.jpg 150w, https:\/\/amigosdeblancas.org\/wp-content\/uploads\/2022\/09\/GrupoAmigosdeBlancas-edited.jpg 1725w\" sizes=\"(max-width: 1024px) 100vw, 1024px\" \/><\/figure>\n\n\n\n<p class=\"has-text-align-center\" id=\"https:\/\/buy.stripe.com\/6oEaHqdNi7bJ9688ww\"><strong>HAZTE SOCIO<\/strong><\/p>\n\n\n\n<div class=\"wp-block-buttons is-content-justification-center is-layout-flex wp-block-buttons-is-layout-flex\">\n<div class=\"wp-block-button is-style-fill\"><a class=\"wp-block-button__link\" href=\"https:\/\/buy.stripe.com\/6oEaHqdNi7bJ9688ww\">Cuota anual: 10\u20ac<\/a><\/div>\n<\/div>\n\n\n\n<p id=\"https:\/\/buy.stripe.com\/6oEaHqdNi7bJ9688ww\">Con la aportaci\u00f3n de todos y todas vamos a conseguir que el dinero no sea un problema para la realizaci\u00f3n de las distintas actividades.<\/p>\n<\/div>\n\n\n\n<div class=\"wp-block-column is-layout-flow wp-block-column-is-layout-flow\">\n<figure class=\"wp-block-image size-large\"><img loading=\"lazy\" decoding=\"async\" width=\"1024\" height=\"641\" src=\"http:\/\/amigosdeblancas.org\/wp-content\/uploads\/2022\/09\/Sabina-Colg-sn-edited-1024x641.jpg\" alt=\"\" class=\"wp-image-730\" srcset=\"https:\/\/amigosdeblancas.org\/wp-content\/uploads\/2022\/09\/Sabina-Colg-sn-edited-1024x641.jpg 1024w, https:\/\/amigosdeblancas.org\/wp-content\/uploads\/2022\/09\/Sabina-Colg-sn-edited-300x188.jpg 300w, https:\/\/amigosdeblancas.org\/wp-content\/uploads\/2022\/09\/Sabina-Colg-sn-edited-768x480.jpg 768w, https:\/\/amigosdeblancas.org\/wp-content\/uploads\/2022\/09\/Sabina-Colg-sn-edited-1536x961.jpg 1536w, https:\/\/amigosdeblancas.org\/wp-content\/uploads\/2022\/09\/Sabina-Colg-sn-edited-150x94.jpg 150w, https:\/\/amigosdeblancas.org\/wp-content\/uploads\/2022\/09\/Sabina-Colg-sn-edited.jpg 2000w\" sizes=\"(max-width: 1024px) 100vw, 1024px\" \/><\/figure>\n\n\n\n<p class=\"has-text-align-center\"><strong>JOYA SABINA DE HIERRO<\/strong><\/p>\n\n\n\n<div class=\"wp-block-buttons is-content-justification-center is-layout-flex wp-block-buttons-is-layout-flex\">\n<div class=\"wp-block-button\"><a class=\"wp-block-button__link\" href=\"https:\/\/amigosdeblancas.org\/?post_type=product\">Todos los productos<\/a><\/div>\n<\/div>\n\n\n\n<p>Hazte con uno de estos regalos personalizados. Puedes verlos todos <a href=\"https:\/\/amigosdeblancas.org\/?post_type=product\">aqu\u00ed<\/a>.<\/p>\n\n\n\n<p>Mar\u00eda Jes\u00fas S\u00e1nchez (\u201cGalopa\u201d) ha tenido la maravillosa idea de reproducir la Sabina milenaria de Blancas en Plata de Ley (medidas 20x18mm y 3,5gr. aprox.).<\/p>\n<\/div>\n\n\n\n<div class=\"wp-block-column is-layout-flow wp-block-column-is-layout-flow\">\n<figure class=\"wp-block-image size-full\"><img loading=\"lazy\" decoding=\"async\" width=\"819\" height=\"511\" src=\"http:\/\/amigosdeblancas.org\/wp-content\/uploads\/2022\/09\/5594125e-b0a9-4525-aae3-66581eafdc4e-1-edited.jpg\" alt=\"\" class=\"wp-image-726\" srcset=\"https:\/\/amigosdeblancas.org\/wp-content\/uploads\/2022\/09\/5594125e-b0a9-4525-aae3-66581eafdc4e-1-edited.jpg 819w, https:\/\/amigosdeblancas.org\/wp-content\/uploads\/2022\/09\/5594125e-b0a9-4525-aae3-66581eafdc4e-1-edited-300x187.jpg 300w, https:\/\/amigosdeblancas.org\/wp-content\/uploads\/2022\/09\/5594125e-b0a9-4525-aae3-66581eafdc4e-1-edited-768x479.jpg 768w, https:\/\/amigosdeblancas.org\/wp-content\/uploads\/2022\/09\/5594125e-b0a9-4525-aae3-66581eafdc4e-1-edited-150x94.jpg 150w\" sizes=\"(max-width: 819px) 100vw, 819px\" \/><\/figure>\n\n\n\n<p class=\"has-text-align-center\"> <strong>HOJA GRABADA<\/strong><\/p>\n\n\n\n<div class=\"wp-block-buttons is-content-justification-center is-layout-flex wp-block-buttons-is-layout-flex\">\n<div class=\"wp-block-button\"><a class=\"wp-block-button__link\" href=\"https:\/\/amigosdeblancas.org\/?product=hoja-sabina-de-hierro-2-0\">Apadrina una hoja<\/a><\/div>\n<\/div>\n\n\n\n<p>Una hoja con tu nombre grabado puede ser tuya. Estar\u00e1 colocada en el monumento al lado de la Sabina. Preg\u00fantanos para m\u00e1s informaci\u00f3n en el correo amigosdeblancas@outlook.es <\/p>\n<\/div>\n<\/div>\n\n\n\n<div class=\"wp-block-columns is-layout-flex wp-container-core-columns-is-layout-2 wp-block-columns-is-layout-flex\">\n<div class=\"wp-block-column is-layout-flow wp-block-column-is-layout-flow\">\n<figure class=\"wp-block-image size-large is-resized\"><img decoding=\"async\" src=\"https:\/\/amigosdeblancas.org\/wp-content\/uploads\/2022\/10\/20211113-DSC08266-edited.jpg\" alt=\"\" class=\"wp-image-805\" width=\"332\" srcset=\"https:\/\/amigosdeblancas.org\/wp-content\/uploads\/2022\/10\/20211113-DSC08266-edited.jpg 1349w, https:\/\/amigosdeblancas.org\/wp-content\/uploads\/2022\/10\/20211113-DSC08266-edited-300x187.jpg 300w, https:\/\/amigosdeblancas.org\/wp-content\/uploads\/2022\/10\/20211113-DSC08266-edited-1024x639.jpg 1024w, https:\/\/amigosdeblancas.org\/wp-content\/uploads\/2022\/10\/20211113-DSC08266-edited-768x479.jpg 768w, https:\/\/amigosdeblancas.org\/wp-content\/uploads\/2022\/10\/20211113-DSC08266-edited-150x94.jpg 150w\" sizes=\"(max-width: 1349px) 100vw, 1349px\" \/><\/figure>\n\n\n\n<p class=\"has-text-align-center\" id=\"https:\/\/buy.stripe.com\/6oEaHqdNi7bJ9688ww\"><strong>HAZ UNA DONACI\u00d3N<\/strong><\/p>\n\n\n\n<div class=\"wp-block-image\"><figure class=\"aligncenter size-full is-resized\"><a href=\"https:\/\/www.paypal.com\/donate\/?hosted_button_id=LWYRQWKAXF9U6\"><img loading=\"lazy\" decoding=\"async\" src=\"http:\/\/amigosdeblancas.org\/wp-content\/uploads\/2022\/07\/btn_donate_LG.gif\" alt=\"\" class=\"wp-image-698\" width=\"132\" height=\"37\"\/><\/a><\/figure><\/div>\n\n\n\n<p>Si prefieres hacer una aportaci\u00f3n puntual la puedes hacer mediante transferencia a nuestra cuenta de<\/p>\n\n\n\n<p>Caja Rural de Teruel ES87 3080 0012 1921 8482 3017 o mediante PayPal:<\/p>\n<\/div>\n\n\n\n<div class=\"wp-block-column is-layout-flow wp-block-column-is-layout-flow\">\n<figure class=\"wp-block-image size-full\"><img loading=\"lazy\" decoding=\"async\" width=\"767\" height=\"480\" src=\"https:\/\/amigosdeblancas.org\/wp-content\/uploads\/2022\/10\/WhatsApp-Image-2022-10-26-at-5.54.56-PM-edited.jpeg\" alt=\"\" class=\"wp-image-810\" srcset=\"https:\/\/amigosdeblancas.org\/wp-content\/uploads\/2022\/10\/WhatsApp-Image-2022-10-26-at-5.54.56-PM-edited.jpeg 767w, https:\/\/amigosdeblancas.org\/wp-content\/uploads\/2022\/10\/WhatsApp-Image-2022-10-26-at-5.54.56-PM-edited-300x188.jpeg 300w, https:\/\/amigosdeblancas.org\/wp-content\/uploads\/2022\/10\/WhatsApp-Image-2022-10-26-at-5.54.56-PM-edited-150x94.jpeg 150w\" sizes=\"(max-width: 767px) 100vw, 767px\" \/><\/figure>\n\n\n\n<p><strong>\u00a1\u00daNETE A LA JUNTA!<\/strong><\/p>\n\n\n\n<div class=\"wp-block-buttons is-content-justification-center is-layout-flex wp-block-buttons-is-layout-flex\">\n<div class=\"wp-block-button\"><a class=\"wp-block-button__link\" href=\"mailto: amigosdeblancas@outlook.es\">Quiero unirme<\/a><\/div>\n<\/div>\n\n\n\n<p>El objetivo es que la junta se renueve cada 2 a\u00f1os, siendo el segundo de apoyo para las nuevas incorporaciones. \u00bfTe animas? \u00a1Escribe un mail con tus datos!<\/p>\n<\/div>\n\n\n\n<div class=\"wp-block-column is-layout-flow wp-block-column-is-layout-flow\">\n<figure class=\"wp-block-image size-full\"><img loading=\"lazy\" decoding=\"async\" width=\"1023\" height=\"640\" src=\"https:\/\/amigosdeblancas.org\/wp-content\/uploads\/2022\/10\/WhatsApp-Image-2022-10-26-at-5.55.00-PM-2-edited.jpeg\" alt=\"\" class=\"wp-image-806\" srcset=\"https:\/\/amigosdeblancas.org\/wp-content\/uploads\/2022\/10\/WhatsApp-Image-2022-10-26-at-5.55.00-PM-2-edited.jpeg 1023w, https:\/\/amigosdeblancas.org\/wp-content\/uploads\/2022\/10\/WhatsApp-Image-2022-10-26-at-5.55.00-PM-2-edited-300x188.jpeg 300w, https:\/\/amigosdeblancas.org\/wp-content\/uploads\/2022\/10\/WhatsApp-Image-2022-10-26-at-5.55.00-PM-2-edited-768x480.jpeg 768w, https:\/\/amigosdeblancas.org\/wp-content\/uploads\/2022\/10\/WhatsApp-Image-2022-10-26-at-5.55.00-PM-2-edited-150x94.jpeg 150w\" sizes=\"(max-width: 1023px) 100vw, 1023px\" \/><\/figure>\n\n\n\n<p class=\"has-text-align-center\"><strong>\u00bfTIENES PROPUESTAS?<\/strong><\/p>\n\n\n\n<div class=\"wp-block-buttons is-content-justification-center is-layout-flex wp-block-buttons-is-layout-flex\">\n<div class=\"wp-block-button\"><a class=\"wp-block-button__link\" href=\"mailto:amigosdeblancas@outlook.es\">Tengo una idea&#8230;<\/a><\/div>\n<\/div>\n\n\n\n<p>Escr\u00edbenos, te escucharemos.<\/p>\n<\/div>\n<\/div>\n\n\n\n<p><\/p>\n","protected":false},"excerpt":{"rendered":"<p>HAZTE SOCIO Con la aportaci\u00f3n de todos y todas vamos a conseguir que el dinero no sea un problema para la realizaci\u00f3n de las distintas actividades. JOYA SABINA DE HIERRO Hazte con uno de estos regalos personalizados. Puedes verlos todos aqu\u00ed. Mar\u00eda Jes\u00fas S\u00e1nchez (\u201cGalopa\u201d) ha tenido la maravillosa idea de reproducir la Sabina milenaria &hellip;<\/p>\n<p class=\"read-more\"> <a class=\"\" href=\"https:\/\/amigosdeblancas.org\/?page_id=799\"> <span class=\"screen-reader-text\">Colabora<\/span> Leer m\u00e1s &raquo;<\/a><\/p>\n","protected":false},"author":1,"featured_media":0,"parent":0,"menu_order":0,"comment_status":"closed","ping_status":"closed","template":"","meta":{"site-sidebar-layout":"default","site-content-layout":"default","ast-global-header-display":"","ast-main-header-display":"","ast-hfb-above-header-display":"","ast-hfb-below-header-display":"","ast-hfb-mobile-header-display":"","site-post-title":"","ast-breadcrumbs-content":"","ast-featured-img":"","footer-sml-layout":"","theme-transparent-header-meta":"","adv-header-id-meta":"","stick-header-meta":"","header-above-stick-meta":"","header-main-stick-meta":"","header-below-stick-meta":"","footnotes":""},"jetpack_sharing_enabled":true,"_links":{"self":[{"href":"https:\/\/amigosdeblancas.org\/index.php?rest_route=\/wp\/v2\/pages\/799"}],"collection":[{"href":"https:\/\/amigosdeblancas.org\/index.php?rest_route=\/wp\/v2\/pages"}],"about":[{"href":"https:\/\/amigosdeblancas.org\/index.php?rest_route=\/wp\/v2\/types\/page"}],"author":[{"embeddable":true,"href":"https:\/\/amigosdeblancas.org\/index.php?rest_route=\/wp\/v2\/users\/1"}],"replies":[{"embeddable":true,"href":"https:\/\/amigosdeblancas.org\/index.php?rest_route=%2Fwp%2Fv2%2Fcomments&post=799"}],"version-history":[{"count":5,"href":"https:\/\/amigosdeblancas.org\/index.php?rest_route=\/wp\/v2\/pages\/799\/revisions"}],"predecessor-version":[{"id":813,"href":"https:\/\/amigosdeblancas.org\/index.php?rest_route=\/wp\/v2\/pages\/799\/revisions\/813"}],"wp:attachment":[{"href":"https:\/\/amigosdeblancas.org\/index.php?rest_route=%2Fwp%2Fv2%2Fmedia&parent=799"}],"curies":[{"name":"wp","href":"https:\/\/api.w.org\/{rel}","templated":true}]}}