{"id":756,"date":"2022-10-26T16:21:44","date_gmt":"2022-10-26T16:21:44","guid":{"rendered":"https:\/\/amigosdeblancas.org\/?page_id=756"},"modified":"2022-10-26T16:42:48","modified_gmt":"2022-10-26T16:42:48","slug":"festival-sabina","status":"publish","type":"page","link":"https:\/\/amigosdeblancas.org\/?page_id=756","title":{"rendered":"Festival Sabina"},"content":{"rendered":"\n<div class=\"wp-block-columns is-layout-flex wp-container-core-columns-is-layout-1 wp-block-columns-is-layout-flex\">\n<div class=\"wp-block-column is-layout-flow wp-block-column-is-layout-flow\" style=\"flex-basis:33.33%\">\n<figure class=\"wp-block-image size-large\"><img loading=\"lazy\" decoding=\"async\" width=\"486\" height=\"1024\" src=\"https:\/\/amigosdeblancas.org\/wp-content\/uploads\/2022\/10\/223698818_4182532328483123_4966681115387903555_n-486x1024.jpg\" alt=\"\" class=\"wp-image-778\" srcset=\"https:\/\/amigosdeblancas.org\/wp-content\/uploads\/2022\/10\/223698818_4182532328483123_4966681115387903555_n-486x1024.jpg 486w, https:\/\/amigosdeblancas.org\/wp-content\/uploads\/2022\/10\/223698818_4182532328483123_4966681115387903555_n-142x300.jpg 142w, https:\/\/amigosdeblancas.org\/wp-content\/uploads\/2022\/10\/223698818_4182532328483123_4966681115387903555_n-150x316.jpg 150w, https:\/\/amigosdeblancas.org\/wp-content\/uploads\/2022\/10\/223698818_4182532328483123_4966681115387903555_n.jpg 640w\" sizes=\"(max-width: 486px) 100vw, 486px\" \/><\/figure>\n<\/div>\n\n\n\n<div class=\"wp-block-column is-layout-flow wp-block-column-is-layout-flow\" style=\"flex-basis:66.66%\">\n<p>YA VAN 2 EDICIONES DEL FESTIVAL, \u00bfTE APUNTAS?<\/p>\n\n\n\n<p>El primer a\u00f1o, en 2021, logramos poner a la Sabina en el mapa, y Carmen Par\u00eds se nombr\u00f3 su madrina.<\/p>\n\n\n\n<figure class=\"wp-block-image size-full\"><img loading=\"lazy\" decoding=\"async\" width=\"960\" height=\"960\" src=\"https:\/\/amigosdeblancas.org\/wp-content\/uploads\/2022\/10\/240969273_4263828823686806_9099787782680987380_n.jpg\" alt=\"\" class=\"wp-image-782\" srcset=\"https:\/\/amigosdeblancas.org\/wp-content\/uploads\/2022\/10\/240969273_4263828823686806_9099787782680987380_n.jpg 960w, https:\/\/amigosdeblancas.org\/wp-content\/uploads\/2022\/10\/240969273_4263828823686806_9099787782680987380_n-300x300.jpg 300w, https:\/\/amigosdeblancas.org\/wp-content\/uploads\/2022\/10\/240969273_4263828823686806_9099787782680987380_n-150x150.jpg 150w, https:\/\/amigosdeblancas.org\/wp-content\/uploads\/2022\/10\/240969273_4263828823686806_9099787782680987380_n-768x768.jpg 768w, https:\/\/amigosdeblancas.org\/wp-content\/uploads\/2022\/10\/240969273_4263828823686806_9099787782680987380_n-100x100.jpg 100w\" sizes=\"(max-width: 960px) 100vw, 960px\" \/><figcaption><em>Montaje para el concierto<\/em><\/figcaption><\/figure>\n\n\n\n<figure class=\"wp-block-image size-large\"><img loading=\"lazy\" decoding=\"async\" width=\"1024\" height=\"768\" src=\"https:\/\/amigosdeblancas.org\/wp-content\/uploads\/2022\/10\/240450198_4259062370830118_5444537116990009495_n-1024x768.jpg\" alt=\"\" class=\"wp-image-781\" srcset=\"https:\/\/amigosdeblancas.org\/wp-content\/uploads\/2022\/10\/240450198_4259062370830118_5444537116990009495_n-1024x768.jpg 1024w, https:\/\/amigosdeblancas.org\/wp-content\/uploads\/2022\/10\/240450198_4259062370830118_5444537116990009495_n-300x225.jpg 300w, https:\/\/amigosdeblancas.org\/wp-content\/uploads\/2022\/10\/240450198_4259062370830118_5444537116990009495_n-768x576.jpg 768w, https:\/\/amigosdeblancas.org\/wp-content\/uploads\/2022\/10\/240450198_4259062370830118_5444537116990009495_n-150x113.jpg 150w, https:\/\/amigosdeblancas.org\/wp-content\/uploads\/2022\/10\/240450198_4259062370830118_5444537116990009495_n.jpg 1440w\" sizes=\"(max-width: 1024px) 100vw, 1024px\" \/><figcaption>Actuaci\u00f3n de Carmen Par\u00eds en 2021<\/figcaption><\/figure>\n<\/div>\n<\/div>\n\n\n\n<div class=\"wp-block-columns is-layout-flex wp-container-core-columns-is-layout-2 wp-block-columns-is-layout-flex\">\n<div class=\"wp-block-column is-layout-flow wp-block-column-is-layout-flow\" style=\"flex-basis:33.33%\">\n<figure class=\"wp-block-image size-large\"><img loading=\"lazy\" decoding=\"async\" width=\"724\" height=\"1024\" src=\"https:\/\/amigosdeblancas.org\/wp-content\/uploads\/2022\/10\/278551140_4999140873488927_6769187028673825086_n-724x1024.jpg\" alt=\"\" class=\"wp-image-783\" srcset=\"https:\/\/amigosdeblancas.org\/wp-content\/uploads\/2022\/10\/278551140_4999140873488927_6769187028673825086_n-724x1024.jpg 724w, https:\/\/amigosdeblancas.org\/wp-content\/uploads\/2022\/10\/278551140_4999140873488927_6769187028673825086_n-212x300.jpg 212w, https:\/\/amigosdeblancas.org\/wp-content\/uploads\/2022\/10\/278551140_4999140873488927_6769187028673825086_n-768x1086.jpg 768w, https:\/\/amigosdeblancas.org\/wp-content\/uploads\/2022\/10\/278551140_4999140873488927_6769187028673825086_n-1086x1536.jpg 1086w, https:\/\/amigosdeblancas.org\/wp-content\/uploads\/2022\/10\/278551140_4999140873488927_6769187028673825086_n-150x212.jpg 150w, https:\/\/amigosdeblancas.org\/wp-content\/uploads\/2022\/10\/278551140_4999140873488927_6769187028673825086_n.jpg 1316w\" sizes=\"(max-width: 724px) 100vw, 724px\" \/><\/figure>\n\n\n\n<figure class=\"wp-block-image size-full\"><img loading=\"lazy\" decoding=\"async\" width=\"1024\" height=\"768\" src=\"https:\/\/amigosdeblancas.org\/wp-content\/uploads\/2022\/10\/WhatsApp-Image-2022-10-26-at-5.55.00-PM-2.jpeg\" alt=\"\" class=\"wp-image-786\" srcset=\"https:\/\/amigosdeblancas.org\/wp-content\/uploads\/2022\/10\/WhatsApp-Image-2022-10-26-at-5.55.00-PM-2.jpeg 1024w, https:\/\/amigosdeblancas.org\/wp-content\/uploads\/2022\/10\/WhatsApp-Image-2022-10-26-at-5.55.00-PM-2-300x225.jpeg 300w, https:\/\/amigosdeblancas.org\/wp-content\/uploads\/2022\/10\/WhatsApp-Image-2022-10-26-at-5.55.00-PM-2-768x576.jpeg 768w, https:\/\/amigosdeblancas.org\/wp-content\/uploads\/2022\/10\/WhatsApp-Image-2022-10-26-at-5.55.00-PM-2-150x113.jpeg 150w\" sizes=\"(max-width: 1024px) 100vw, 1024px\" \/><\/figure>\n<\/div>\n\n\n\n<div class=\"wp-block-column is-layout-flow wp-block-column-is-layout-flow\" style=\"flex-basis:66.66%\">\n<figure class=\"wp-block-image size-large\"><img loading=\"lazy\" decoding=\"async\" width=\"1024\" height=\"576\" src=\"https:\/\/amigosdeblancas.org\/wp-content\/uploads\/2022\/10\/240433516_4255943804475308_990428123144370328_n-1024x576.jpg\" alt=\"\" class=\"wp-image-784\" srcset=\"https:\/\/amigosdeblancas.org\/wp-content\/uploads\/2022\/10\/240433516_4255943804475308_990428123144370328_n-1024x576.jpg 1024w, https:\/\/amigosdeblancas.org\/wp-content\/uploads\/2022\/10\/240433516_4255943804475308_990428123144370328_n-300x169.jpg 300w, https:\/\/amigosdeblancas.org\/wp-content\/uploads\/2022\/10\/240433516_4255943804475308_990428123144370328_n-768x432.jpg 768w, https:\/\/amigosdeblancas.org\/wp-content\/uploads\/2022\/10\/240433516_4255943804475308_990428123144370328_n-150x84.jpg 150w, https:\/\/amigosdeblancas.org\/wp-content\/uploads\/2022\/10\/240433516_4255943804475308_990428123144370328_n.jpg 1440w\" sizes=\"(max-width: 1024px) 100vw, 1024px\" \/><\/figure>\n\n\n\n<p>En el 2022, fue BVocal con su espect\u00e1culo internacional qui\u00e9n estuvo presente durante el festival. Sin duda, un lujo.<\/p>\n\n\n\n<figure class=\"wp-block-image size-full\"><img loading=\"lazy\" decoding=\"async\" width=\"1024\" height=\"768\" src=\"https:\/\/amigosdeblancas.org\/wp-content\/uploads\/2022\/10\/WhatsApp-Image-2022-10-26-at-5.55.00-PM-3.jpeg\" alt=\"\" class=\"wp-image-785\" srcset=\"https:\/\/amigosdeblancas.org\/wp-content\/uploads\/2022\/10\/WhatsApp-Image-2022-10-26-at-5.55.00-PM-3.jpeg 1024w, https:\/\/amigosdeblancas.org\/wp-content\/uploads\/2022\/10\/WhatsApp-Image-2022-10-26-at-5.55.00-PM-3-300x225.jpeg 300w, https:\/\/amigosdeblancas.org\/wp-content\/uploads\/2022\/10\/WhatsApp-Image-2022-10-26-at-5.55.00-PM-3-768x576.jpeg 768w, https:\/\/amigosdeblancas.org\/wp-content\/uploads\/2022\/10\/WhatsApp-Image-2022-10-26-at-5.55.00-PM-3-150x113.jpeg 150w\" sizes=\"(max-width: 1024px) 100vw, 1024px\" \/><\/figure>\n<\/div>\n<\/div>\n","protected":false},"excerpt":{"rendered":"<p>YA VAN 2 EDICIONES DEL FESTIVAL, \u00bfTE APUNTAS? El primer a\u00f1o, en 2021, logramos poner a la Sabina en el mapa, y Carmen Par\u00eds se nombr\u00f3 su madrina. En el 2022, fue BVocal con su espect\u00e1culo internacional qui\u00e9n estuvo presente durante el festival. Sin duda, un lujo.<\/p>\n","protected":false},"author":1,"featured_media":0,"parent":0,"menu_order":0,"comment_status":"closed","ping_status":"closed","template":"","meta":{"site-sidebar-layout":"default","site-content-layout":"default","ast-global-header-display":"","ast-main-header-display":"","ast-hfb-above-header-display":"","ast-hfb-below-header-display":"","ast-hfb-mobile-header-display":"","site-post-title":"","ast-breadcrumbs-content":"","ast-featured-img":"","footer-sml-layout":"","theme-transparent-header-meta":"","adv-header-id-meta":"","stick-header-meta":"","header-above-stick-meta":"","header-main-stick-meta":"","header-below-stick-meta":"","footnotes":""},"jetpack_sharing_enabled":true,"_links":{"self":[{"href":"https:\/\/amigosdeblancas.org\/index.php?rest_route=\/wp\/v2\/pages\/756"}],"collection":[{"href":"https:\/\/amigosdeblancas.org\/index.php?rest_route=\/wp\/v2\/pages"}],"about":[{"href":"https:\/\/amigosdeblancas.org\/index.php?rest_route=\/wp\/v2\/types\/page"}],"author":[{"embeddable":true,"href":"https:\/\/amigosdeblancas.org\/index.php?rest_route=\/wp\/v2\/users\/1"}],"replies":[{"embeddable":true,"href":"https:\/\/amigosdeblancas.org\/index.php?rest_route=%2Fwp%2Fv2%2Fcomments&post=756"}],"version-history":[{"count":2,"href":"https:\/\/amigosdeblancas.org\/index.php?rest_route=\/wp\/v2\/pages\/756\/revisions"}],"predecessor-version":[{"id":787,"href":"https:\/\/amigosdeblancas.org\/index.php?rest_route=\/wp\/v2\/pages\/756\/revisions\/787"}],"wp:attachment":[{"href":"https:\/\/amigosdeblancas.org\/index.php?rest_route=%2Fwp%2Fv2%2Fmedia&parent=756"}],"curies":[{"name":"wp","href":"https:\/\/api.w.org\/{rel}","templated":true}]}}