{"id":747,"date":"2022-10-26T16:20:14","date_gmt":"2022-10-26T16:20:14","guid":{"rendered":"https:\/\/amigosdeblancas.org\/?page_id=747"},"modified":"2022-10-26T16:46:03","modified_gmt":"2022-10-26T16:46:03","slug":"azafran-canicross","status":"publish","type":"page","link":"https:\/\/amigosdeblancas.org\/?page_id=747","title":{"rendered":"Azafr\u00e1n Canicross"},"content":{"rendered":"\n<div class=\"wp-block-columns is-layout-flex wp-container-core-columns-is-layout-1 wp-block-columns-is-layout-flex\">\n<div class=\"wp-block-column is-layout-flow wp-block-column-is-layout-flow\">\n<figure class=\"wp-block-image size-large\"><img loading=\"lazy\" decoding=\"async\" width=\"719\" height=\"1024\" src=\"https:\/\/amigosdeblancas.org\/wp-content\/uploads\/2022\/10\/73137669_2489054084497631_377594390585016320_n-719x1024.jpg\" alt=\"\" class=\"wp-image-763\" srcset=\"https:\/\/amigosdeblancas.org\/wp-content\/uploads\/2022\/10\/73137669_2489054084497631_377594390585016320_n-719x1024.jpg 719w, https:\/\/amigosdeblancas.org\/wp-content\/uploads\/2022\/10\/73137669_2489054084497631_377594390585016320_n-211x300.jpg 211w, https:\/\/amigosdeblancas.org\/wp-content\/uploads\/2022\/10\/73137669_2489054084497631_377594390585016320_n-768x1094.jpg 768w, https:\/\/amigosdeblancas.org\/wp-content\/uploads\/2022\/10\/73137669_2489054084497631_377594390585016320_n-1079x1536.jpg 1079w, https:\/\/amigosdeblancas.org\/wp-content\/uploads\/2022\/10\/73137669_2489054084497631_377594390585016320_n-150x214.jpg 150w, https:\/\/amigosdeblancas.org\/wp-content\/uploads\/2022\/10\/73137669_2489054084497631_377594390585016320_n.jpg 1238w\" sizes=\"(max-width: 719px) 100vw, 719px\" \/><\/figure>\n\n\n\n<p>Cartel Canicross 2019_ Primera Edici\u00f3n<\/p>\n<\/div>\n\n\n\n<div class=\"wp-block-column is-layout-flow wp-block-column-is-layout-flow\">\n<figure class=\"wp-block-image size-full\"><img loading=\"lazy\" decoding=\"async\" width=\"677\" height=\"960\" src=\"https:\/\/amigosdeblancas.org\/wp-content\/uploads\/2022\/10\/122326404_3390989857637378_789884538315007995_n.jpg\" alt=\"\" class=\"wp-image-764\" srcset=\"https:\/\/amigosdeblancas.org\/wp-content\/uploads\/2022\/10\/122326404_3390989857637378_789884538315007995_n.jpg 677w, https:\/\/amigosdeblancas.org\/wp-content\/uploads\/2022\/10\/122326404_3390989857637378_789884538315007995_n-212x300.jpg 212w, https:\/\/amigosdeblancas.org\/wp-content\/uploads\/2022\/10\/122326404_3390989857637378_789884538315007995_n-150x213.jpg 150w\" sizes=\"(max-width: 677px) 100vw, 677px\" \/><figcaption> Cartel Canicross 2020_ Segunda Edici\u00f3n <\/figcaption><\/figure>\n<\/div>\n\n\n\n<div class=\"wp-block-column is-layout-flow wp-block-column-is-layout-flow\">\n<figure class=\"wp-block-image size-large\"><img loading=\"lazy\" decoding=\"async\" width=\"724\" height=\"1024\" src=\"https:\/\/amigosdeblancas.org\/wp-content\/uploads\/2022\/10\/311597444_841347400235908_4214212197075939675_n-724x1024.jpg\" alt=\"\" class=\"wp-image-765\" srcset=\"https:\/\/amigosdeblancas.org\/wp-content\/uploads\/2022\/10\/311597444_841347400235908_4214212197075939675_n-724x1024.jpg 724w, https:\/\/amigosdeblancas.org\/wp-content\/uploads\/2022\/10\/311597444_841347400235908_4214212197075939675_n-212x300.jpg 212w, https:\/\/amigosdeblancas.org\/wp-content\/uploads\/2022\/10\/311597444_841347400235908_4214212197075939675_n-768x1087.jpg 768w, https:\/\/amigosdeblancas.org\/wp-content\/uploads\/2022\/10\/311597444_841347400235908_4214212197075939675_n-150x212.jpg 150w, https:\/\/amigosdeblancas.org\/wp-content\/uploads\/2022\/10\/311597444_841347400235908_4214212197075939675_n.jpg 1080w\" sizes=\"(max-width: 724px) 100vw, 724px\" \/><figcaption> Cartel Canicross 2021_ Tercera Edici\u00f3n <\/figcaption><\/figure>\n\n\n\n<p>\u00a1A\u00fan est\u00e1s a tiempo de apuntarte! <a href=\"https:\/\/www.cronolimits2020.com\/canicross-blancas-teruel\/?fbclid=IwAR0246x2H47nKSsONEPv5Eabv6wYewMgrzkFwsfOvQpYtIArz86hDRMmYHQ\">Aqu\u00ed<\/a><\/p>\n<\/div>\n<\/div>\n\n\n\n<div class=\"wp-block-columns is-layout-flex wp-container-core-columns-is-layout-3 wp-block-columns-is-layout-flex\">\n<div class=\"wp-block-column is-layout-flow wp-block-column-is-layout-flow\">\n<div class=\"wp-block-columns is-layout-flex wp-container-core-columns-is-layout-2 wp-block-columns-is-layout-flex\">\n<div class=\"wp-block-column is-layout-flow wp-block-column-is-layout-flow\" style=\"flex-basis:25%\">\n<figure class=\"wp-block-image size-full is-resized\"><img loading=\"lazy\" decoding=\"async\" src=\"https:\/\/amigosdeblancas.org\/wp-content\/uploads\/2022\/10\/WhatsApp-Image-2022-10-26-at-5.54.55-PM.jpeg\" alt=\"\" class=\"wp-image-790\" width=\"379\" height=\"505\" srcset=\"https:\/\/amigosdeblancas.org\/wp-content\/uploads\/2022\/10\/WhatsApp-Image-2022-10-26-at-5.54.55-PM.jpeg 768w, https:\/\/amigosdeblancas.org\/wp-content\/uploads\/2022\/10\/WhatsApp-Image-2022-10-26-at-5.54.55-PM-225x300.jpeg 225w, https:\/\/amigosdeblancas.org\/wp-content\/uploads\/2022\/10\/WhatsApp-Image-2022-10-26-at-5.54.55-PM-150x200.jpeg 150w\" sizes=\"(max-width: 379px) 100vw, 379px\" \/><\/figure>\n<\/div>\n\n\n\n<div class=\"wp-block-column is-layout-flow wp-block-column-is-layout-flow\" style=\"flex-basis:50%\">\n<figure class=\"wp-block-image size-large\"><img loading=\"lazy\" decoding=\"async\" width=\"996\" height=\"1024\" src=\"http:\/\/amigosdeblancas.org\/wp-content\/uploads\/2022\/10\/309361301_5462563387146671_3612819404632893278_n-996x1024.jpg\" alt=\"\" class=\"wp-image-788\" srcset=\"https:\/\/amigosdeblancas.org\/wp-content\/uploads\/2022\/10\/309361301_5462563387146671_3612819404632893278_n-996x1024.jpg 996w, https:\/\/amigosdeblancas.org\/wp-content\/uploads\/2022\/10\/309361301_5462563387146671_3612819404632893278_n-292x300.jpg 292w, https:\/\/amigosdeblancas.org\/wp-content\/uploads\/2022\/10\/309361301_5462563387146671_3612819404632893278_n-768x789.jpg 768w, https:\/\/amigosdeblancas.org\/wp-content\/uploads\/2022\/10\/309361301_5462563387146671_3612819404632893278_n-150x154.jpg 150w, https:\/\/amigosdeblancas.org\/wp-content\/uploads\/2022\/10\/309361301_5462563387146671_3612819404632893278_n.jpg 1364w\" sizes=\"(max-width: 996px) 100vw, 996px\" \/><\/figure>\n<\/div>\n\n\n\n<div class=\"wp-block-column is-vertically-aligned-center is-layout-flow wp-block-column-is-layout-flow\" style=\"flex-basis:25%\">\n<p>Gracias a todos los colaboradores que a\u00f1o tras a\u00f1o nos acompa\u00f1an en esta carrera \u00abanimal\u00bb.<\/p>\n<\/div>\n<\/div>\n<\/div>\n<\/div>\n\n\n\n<div class=\"wp-block-columns is-layout-flex wp-container-core-columns-is-layout-4 wp-block-columns-is-layout-flex\">\n<div class=\"wp-block-column is-layout-flow wp-block-column-is-layout-flow\">\n<figure class=\"wp-block-image size-large\"><img loading=\"lazy\" decoding=\"async\" width=\"1024\" height=\"683\" src=\"https:\/\/amigosdeblancas.org\/wp-content\/uploads\/2022\/10\/251379266_4472707226132297_943517652924156395_n-1024x683.jpg\" alt=\"\" class=\"wp-image-768\" srcset=\"https:\/\/amigosdeblancas.org\/wp-content\/uploads\/2022\/10\/251379266_4472707226132297_943517652924156395_n-1024x683.jpg 1024w, https:\/\/amigosdeblancas.org\/wp-content\/uploads\/2022\/10\/251379266_4472707226132297_943517652924156395_n-300x200.jpg 300w, https:\/\/amigosdeblancas.org\/wp-content\/uploads\/2022\/10\/251379266_4472707226132297_943517652924156395_n-768x512.jpg 768w, https:\/\/amigosdeblancas.org\/wp-content\/uploads\/2022\/10\/251379266_4472707226132297_943517652924156395_n-1536x1024.jpg 1536w, https:\/\/amigosdeblancas.org\/wp-content\/uploads\/2022\/10\/251379266_4472707226132297_943517652924156395_n-150x100.jpg 150w, https:\/\/amigosdeblancas.org\/wp-content\/uploads\/2022\/10\/251379266_4472707226132297_943517652924156395_n.jpg 2048w\" sizes=\"(max-width: 1024px) 100vw, 1024px\" \/><\/figure>\n<\/div>\n\n\n\n<div class=\"wp-block-column is-layout-flow wp-block-column-is-layout-flow\">\n<figure class=\"wp-block-image size-large\"><img loading=\"lazy\" decoding=\"async\" width=\"1024\" height=\"576\" src=\"https:\/\/amigosdeblancas.org\/wp-content\/uploads\/2022\/10\/75252849_2521715247898181_7256591905109049344_n-1024x576.jpg\" alt=\"\" class=\"wp-image-767\" srcset=\"https:\/\/amigosdeblancas.org\/wp-content\/uploads\/2022\/10\/75252849_2521715247898181_7256591905109049344_n-1024x576.jpg 1024w, https:\/\/amigosdeblancas.org\/wp-content\/uploads\/2022\/10\/75252849_2521715247898181_7256591905109049344_n-300x169.jpg 300w, https:\/\/amigosdeblancas.org\/wp-content\/uploads\/2022\/10\/75252849_2521715247898181_7256591905109049344_n-768x432.jpg 768w, https:\/\/amigosdeblancas.org\/wp-content\/uploads\/2022\/10\/75252849_2521715247898181_7256591905109049344_n-1536x864.jpg 1536w, https:\/\/amigosdeblancas.org\/wp-content\/uploads\/2022\/10\/75252849_2521715247898181_7256591905109049344_n-150x84.jpg 150w, https:\/\/amigosdeblancas.org\/wp-content\/uploads\/2022\/10\/75252849_2521715247898181_7256591905109049344_n.jpg 2048w\" sizes=\"(max-width: 1024px) 100vw, 1024px\" \/><\/figure>\n<\/div>\n<\/div>\n","protected":false},"excerpt":{"rendered":"<p>Cartel Canicross 2019_ Primera Edici\u00f3n \u00a1A\u00fan est\u00e1s a tiempo de apuntarte! Aqu\u00ed Gracias a todos los colaboradores que a\u00f1o tras a\u00f1o nos acompa\u00f1an en esta carrera \u00abanimal\u00bb.<\/p>\n","protected":false},"author":1,"featured_media":0,"parent":0,"menu_order":0,"comment_status":"closed","ping_status":"closed","template":"","meta":{"site-sidebar-layout":"default","site-content-layout":"default","ast-global-header-display":"","ast-main-header-display":"","ast-hfb-above-header-display":"","ast-hfb-below-header-display":"","ast-hfb-mobile-header-display":"","site-post-title":"","ast-breadcrumbs-content":"","ast-featured-img":"","footer-sml-layout":"","theme-transparent-header-meta":"","adv-header-id-meta":"","stick-header-meta":"","header-above-stick-meta":"","header-main-stick-meta":"","header-below-stick-meta":"","footnotes":""},"jetpack_sharing_enabled":true,"_links":{"self":[{"href":"https:\/\/amigosdeblancas.org\/index.php?rest_route=\/wp\/v2\/pages\/747"}],"collection":[{"href":"https:\/\/amigosdeblancas.org\/index.php?rest_route=\/wp\/v2\/pages"}],"about":[{"href":"https:\/\/amigosdeblancas.org\/index.php?rest_route=\/wp\/v2\/types\/page"}],"author":[{"embeddable":true,"href":"https:\/\/amigosdeblancas.org\/index.php?rest_route=\/wp\/v2\/users\/1"}],"replies":[{"embeddable":true,"href":"https:\/\/amigosdeblancas.org\/index.php?rest_route=%2Fwp%2Fv2%2Fcomments&post=747"}],"version-history":[{"count":4,"href":"https:\/\/amigosdeblancas.org\/index.php?rest_route=\/wp\/v2\/pages\/747\/revisions"}],"predecessor-version":[{"id":791,"href":"https:\/\/amigosdeblancas.org\/index.php?rest_route=\/wp\/v2\/pages\/747\/revisions\/791"}],"wp:attachment":[{"href":"https:\/\/amigosdeblancas.org\/index.php?rest_route=%2Fwp%2Fv2%2Fmedia&parent=747"}],"curies":[{"name":"wp","href":"https:\/\/api.w.org\/{rel}","templated":true}]}}