{"id":200,"date":"2021-04-26T13:29:57","date_gmt":"2021-04-26T13:29:57","guid":{"rendered":"http:\/\/amigosdeblancas.org\/?page_id=200"},"modified":"2021-12-02T09:54:18","modified_gmt":"2021-12-02T09:54:18","slug":"la-sabina-arbol-europeo-2022","status":"publish","type":"page","link":"https:\/\/amigosdeblancas.org\/?page_id=200","title":{"rendered":"La Sabina Milenaria de Blancas"},"content":{"rendered":"<p><img decoding=\"async\" width=\"724\" height=\"1024\" src=\"http:\/\/amigosdeblancas.org\/wp-content\/uploads\/Cartel_Sabina_2-2-724x1024.jpg\" alt=\"\" loading=\"lazy\" srcset=\"https:\/\/amigosdeblancas.org\/wp-content\/uploads\/Cartel_Sabina_2-2-724x1024.jpg 724w, https:\/\/amigosdeblancas.org\/wp-content\/uploads\/Cartel_Sabina_2-2-212x300.jpg 212w, https:\/\/amigosdeblancas.org\/wp-content\/uploads\/Cartel_Sabina_2-2-768x1086.jpg 768w, https:\/\/amigosdeblancas.org\/wp-content\/uploads\/Cartel_Sabina_2-2-1086x1536.jpg 1086w, https:\/\/amigosdeblancas.org\/wp-content\/uploads\/Cartel_Sabina_2-2-150x212.jpg 150w, https:\/\/amigosdeblancas.org\/wp-content\/uploads\/Cartel_Sabina_2-2.jpg 1169w\" sizes=\"(max-width: 724px) 100vw, 724px\"><\/p>\n<h2>\u00a1GRACIAS A TOD@S!            27 noviembre, 2021<\/h2>\n<p>Estimad@s amig@s:<\/p>\n<p>En primer lugar, tras conocer los resultados definitivos queremos dar la enhorabuena al \u00e1rbol ganador \u201cCarballo del Bosque del Banquete\u201d de Conxo.<\/p>\n<p>Gracias por el apoyo brindado a nuestra Sabina de Blancas. Gracias por cada uno de vuestros votos. Desde esta modesta asociaci\u00f3n somos conscientes de la transversalidad conseguida-de otro modo hubiera sido imposible llegar a estar en el p\u00f3dium con estos excepcionales \u00e1rboles.<\/p>\n<table style=\"height: 168px;\" width=\"600\">\n<tbody>\n<tr>\n<td rowspan=\"3\" width=\"295\">Carballo del Bosque del Banquete de Conxo Santiago&nbsp;<\/p>\n<p>La Sabina de Blancas. Comarca del Jiloca (Teruel)<\/p>\n<p>Drago Milenario. Icod de los vinos (Tenerife)<\/td>\n<td width=\"83\">22,974 VOTO<\/td>\n<\/tr>\n<tr>\n<td width=\"83\">21,523 VOTOS<\/td>\n<\/tr>\n<tr>\n<td width=\"83\">&nbsp; 5,091 VOTOS<\/td>\n<\/tr>\n<\/tbody>\n<\/table>\n<p>Hemos conseguido poner en valor nuestro hermoso \u00e1rbol y deseamos que sirva para que se cuide tanto \u00e9l como su entorno natural y para que perdure en el tiempo. En Blancas tenemos la suerte de poder pasear por este paraje de la Sabina Milenaria, as\u00ed como de poder disfrutar de otros cercanos como la Paramera (una extensi\u00f3n de casi 3000Ha, Zona de Especial Protecci\u00f3n de Aves). Tenemos pues la obligaci\u00f3n de esforzarnos en cuidar, mantener e incluso mejorar este patrimonio que nos fue legado.&nbsp;<\/p>\n<p>Por \u00faltimo, agradecer a Luis Javier Yus Cant\u00edn (\u201calma mater\u201d de esta iniciativa) su esfuerzo, empuje y saber hacer sin los cuales la Sabina Milenaria no hubiera podido competir con los grandes \u00e1rboles de Espa\u00f1a.<\/p>\n<p>Gracias a tod@s<\/p>\n<p>Igualmente necesitamos datos, usos y anecdotas que tengan que ver con la Sabina, hemos encontrado una leyenda que es muy interesante.<\/p>\n<p><a href=\"https:\/\/miscelaneaturolense.blogspot.com\/2017\/02\/febrero2017miscelanea-la-monumental.html\" target=\"_blank\" role=\"button\" rel=\"noopener\"><br \/>\nLa podeis leer en este art\u00edculo<br \/>\n<\/a><\/p>\n<p>A la par que la presentaci\u00f3n de la Sabina, Jes\u00fas Guallar Rodrigo escultor del hierro hijo de Blancas, nos ha invitado a colaborar en la realizaci\u00f3n de una reproducci\u00f3n de la Sabina con hierro reciclado, esta va a ser la Sabina 2.0, lucir\u00e1 en lo alto de carravilla y <strong>necesitamos el hierro y la colaboraci\u00f3n de todos.<\/strong><\/p>\n<p>El ayuntamiento aporta los fondos necesarios para las vigas principales,<strong> Jes\u00fas Guallar<\/strong> pone todo su arte tiempo y empe\u00f1o en desarrollar su idea, desde la Asociaci\u00f3n Amigos de Blancas aportaremos nuestro granito de arena en estos proyectos.<\/p>\n<p><strong>Contamos con tod@s,<\/strong><\/p>\n<ul>\n<li>pod\u00e9is haceros&nbsp;<a href=\"https:\/\/amigosdeblancas.org\/?post_type=product\">socios<\/a>&nbsp;(pagos por transferencia o paypal),<\/li>\n<li>colaborar con hierro acerc\u00e1ndolo al \u00abHorno\u00bb (contactar con el alcalde o con el alguacil.<\/li>\n<li>Igualmente podemos apadrinar una de las 2500 hojas de hierro que tendr\u00e1 nuestra Sabina 2.0 a trav\u00e9s del crowdfunding \u00ab<a href=\"https:\/\/gofund.me\/79b72e35\">Apadrina hoja Sabina de Hierro<\/a>\u00ab<\/li>\n<\/ul>\n<p>Donaciones Caja Rural de Teruel ES87 3080 0012 1921 8482 3017<\/p>\n<p><a href=\"https:\/\/amigosdeblancas.org\/?product=cuota-anual-2\" target=\"_blank\" role=\"button\" rel=\"noopener\"><br \/>\nColabora con nosotros \u00a1HAZTE SOCIO!<br \/>\n<\/a><\/p>\n","protected":false},"excerpt":{"rendered":"<p>\u00a1GRACIAS A TOD@S! 27 noviembre, 2021 Estimad@s amig@s: En primer lugar, tras conocer los resultados definitivos queremos dar la enhorabuena al \u00e1rbol ganador \u201cCarballo del Bosque del Banquete\u201d de Conxo. Gracias por el apoyo brindado a nuestra Sabina de Blancas. Gracias por cada uno de vuestros votos. Desde esta modesta asociaci\u00f3n somos conscientes de la &hellip;<\/p>\n<p class=\"read-more\"> <a class=\"\" href=\"https:\/\/amigosdeblancas.org\/?page_id=200\"> <span class=\"screen-reader-text\">La Sabina Milenaria de Blancas<\/span> Leer m\u00e1s &raquo;<\/a><\/p>\n","protected":false},"author":1,"featured_media":227,"parent":0,"menu_order":0,"comment_status":"closed","ping_status":"closed","template":"elementor_header_footer","meta":{"site-sidebar-layout":"no-sidebar","site-content-layout":"page-builder","ast-global-header-display":"","ast-main-header-display":"","ast-hfb-above-header-display":"","ast-hfb-below-header-display":"","ast-hfb-mobile-header-display":"","site-post-title":"","ast-breadcrumbs-content":"","ast-featured-img":"","footer-sml-layout":"","theme-transparent-header-meta":"default","adv-header-id-meta":"","stick-header-meta":"","header-above-stick-meta":"","header-main-stick-meta":"","header-below-stick-meta":"","footnotes":""},"jetpack_sharing_enabled":true,"_links":{"self":[{"href":"https:\/\/amigosdeblancas.org\/index.php?rest_route=\/wp\/v2\/pages\/200"}],"collection":[{"href":"https:\/\/amigosdeblancas.org\/index.php?rest_route=\/wp\/v2\/pages"}],"about":[{"href":"https:\/\/amigosdeblancas.org\/index.php?rest_route=\/wp\/v2\/types\/page"}],"author":[{"embeddable":true,"href":"https:\/\/amigosdeblancas.org\/index.php?rest_route=\/wp\/v2\/users\/1"}],"replies":[{"embeddable":true,"href":"https:\/\/amigosdeblancas.org\/index.php?rest_route=%2Fwp%2Fv2%2Fcomments&post=200"}],"version-history":[{"count":54,"href":"https:\/\/amigosdeblancas.org\/index.php?rest_route=\/wp\/v2\/pages\/200\/revisions"}],"predecessor-version":[{"id":633,"href":"https:\/\/amigosdeblancas.org\/index.php?rest_route=\/wp\/v2\/pages\/200\/revisions\/633"}],"wp:featuredmedia":[{"embeddable":true,"href":"https:\/\/amigosdeblancas.org\/index.php?rest_route=\/wp\/v2\/media\/227"}],"wp:attachment":[{"href":"https:\/\/amigosdeblancas.org\/index.php?rest_route=%2Fwp%2Fv2%2Fmedia&parent=200"}],"curies":[{"name":"wp","href":"https:\/\/api.w.org\/{rel}","templated":true}]}}